{"id":798,"date":"2023-07-12T15:05:55","date_gmt":"2023-07-12T13:05:55","guid":{"rendered":"https:\/\/wagner-michels.de\/?page_id=798"},"modified":"2024-11-13T12:59:46","modified_gmt":"2024-11-13T11:59:46","slug":"ueber-mich","status":"publish","type":"page","link":"https:\/\/wagner-michels.de\/?page_id=798","title":{"rendered":"\u00dcber mich"},"content":{"rendered":"\n<p>\u00dcBER MICH<\/p>\n\n\n\n<p>Meine Arbeit als Videofilmerin begann vor \u00fcber 15 Jahren als Quereinsteigerin bei einem lokalen Sender, f\u00fcr den ich zahlreiche Stadtteilberichte produziert habe. In all den Jahren habe ich gelernt, dass mein Interesse an Menschen und ihren Themen der Schl\u00fcssel zu erfolgreichen Videoproduktionen ist.<\/p>\n\n\n\n<p>Eine entspannte Atmosph\u00e4re w\u00e4hrend der Dreharbeiten ist mir dabei besonders wichtig. Deshalb arbeite ich stets daran, ein angenehmes Umfeld zu schaffen, in dem meine Protagonisten sich frei entfalten und ihre Geschichten authentisch erz\u00e4hlt werden k\u00f6nnen.<\/p>\n\n\n\n<p>Dar\u00fcber hinaus versuche ich Themen so detailliert wie m\u00f6glich und n\u00f6tig zu zeigen. Ich m\u00f6chte meinen Zuschauern ein umfassendes Verst\u00e4ndnis f\u00fcr die behandelten Themen geben und es ihnen erm\u00f6glichen, tiefer in die Materie einzutauchen. Dies erfordert eine sorgf\u00e4ltige Recherche und Planung im Vorfeld der Dreharbeiten.<\/p>\n\n\n\n<p>Als Videofilmerin habe ich im Laufe der Jahre eine Vielzahl von Projekten realisiert. Von Dokumentationen \u00fcber Imagefilme bis hin zu Eventaufnahmen &#8211; meine Referenzen sind vielseitig. Ich bin stets offen f\u00fcr neue Herausforderungen und freue mich darauf, auch in Zukunft die Geschichten der Menschen mit meinen Videos erz\u00e4hlen zu k\u00f6nnen. <\/p>\n","protected":false},"excerpt":{"rendered":"<p>\u00dcBER MICH Meine Arbeit als Videofilmerin begann vor \u00fcber 15 Jahren als Quereinsteigerin bei einem lokalen Sender, f\u00fcr den ich zahlreiche Stadtteilberichte produziert habe. In all den Jahren habe ich gelernt, dass mein Interesse an Menschen und ihren Themen der Schl\u00fcssel zu erfolgreichen Videoproduktionen ist. Eine entspannte Atmosph\u00e4re w\u00e4hrend der Dreharbeiten ist mir dabei besonders&hellip; <a class=\"more-link\" href=\"https:\/\/wagner-michels.de\/?page_id=798\"><span class=\"screen-reader-text\">\u00dcber mich<\/span> weiterlesen<\/a><\/p>\n","protected":false},"author":1,"featured_media":0,"parent":0,"menu_order":0,"comment_status":"closed","ping_status":"closed","template":"","meta":{"_uag_custom_page_level_css":"","footnotes":""},"class_list":["post-798","page","type-page","status-publish","hentry","entry"],"uagb_featured_image_src":{"full":false,"thumbnail":false,"medium":false,"medium_large":false,"large":false,"1536x1536":false,"2048x2048":false,"post-thumbnail":false},"uagb_author_info":{"display_name":"web28764756","author_link":"https:\/\/wagner-michels.de\/?author=1"},"uagb_comment_info":0,"uagb_excerpt":"\u00dcBER MICH Meine Arbeit als Videofilmerin begann vor \u00fcber 15 Jahren als Quereinsteigerin bei einem lokalen Sender, f\u00fcr den ich zahlreiche Stadtteilberichte produziert habe. In all den Jahren habe ich gelernt, dass mein Interesse an Menschen und ihren Themen der Schl\u00fcssel zu erfolgreichen Videoproduktionen ist. Eine entspannte Atmosph\u00e4re w\u00e4hrend der Dreharbeiten ist mir dabei besonders&hellip;&hellip;","_links":{"self":[{"href":"https:\/\/wagner-michels.de\/index.php?rest_route=\/wp\/v2\/pages\/798","targetHints":{"allow":["GET"]}}],"collection":[{"href":"https:\/\/wagner-michels.de\/index.php?rest_route=\/wp\/v2\/pages"}],"about":[{"href":"https:\/\/wagner-michels.de\/index.php?rest_route=\/wp\/v2\/types\/page"}],"author":[{"embeddable":true,"href":"https:\/\/wagner-michels.de\/index.php?rest_route=\/wp\/v2\/users\/1"}],"replies":[{"embeddable":true,"href":"https:\/\/wagner-michels.de\/index.php?rest_route=%2Fwp%2Fv2%2Fcomments&post=798"}],"version-history":[{"count":7,"href":"https:\/\/wagner-michels.de\/index.php?rest_route=\/wp\/v2\/pages\/798\/revisions"}],"predecessor-version":[{"id":925,"href":"https:\/\/wagner-michels.de\/index.php?rest_route=\/wp\/v2\/pages\/798\/revisions\/925"}],"wp:attachment":[{"href":"https:\/\/wagner-michels.de\/index.php?rest_route=%2Fwp%2Fv2%2Fmedia&parent=798"}],"curies":[{"name":"wp","href":"https:\/\/api.w.org\/{rel}","templated":true}]}}