{"id":796,"date":"2023-07-12T15:04:54","date_gmt":"2023-07-12T13:04:54","guid":{"rendered":"https:\/\/wagner-michels.de\/?page_id=796"},"modified":"2024-11-13T13:01:12","modified_gmt":"2024-11-13T12:01:12","slug":"mein-angebot","status":"publish","type":"page","link":"https:\/\/wagner-michels.de\/?page_id=796","title":{"rendered":"Mein Angebot"},"content":{"rendered":"\n<p>Ich erstelle Videofilme, die Ihre pers\u00f6nlichen Anforderungen erf\u00fcllen. Egal ob Sie ein Unternehmen, ein Verein oder eine Privatperson sind, ich unterst\u00fctze Sie gerne dabei, Ihre Botschaft zu kommunizieren.<\/p>\n\n\n\n<p>Lassen Sie mich Ihnen einige Beispiele geben, wie ich Ihnen helfen kann:<\/p>\n\n\n\n<p>Sie m\u00f6chten Menschen f\u00fcr ein neues Angebot, einen neuen Workshop oder bereits bestehenden Arbeitskreis gewinnen und ben\u00f6tigen daf\u00fcr ein Video f\u00fcr Ihre Website. Ich kann Ihnen dabei helfen, ein ansprechendes und \u00fcberzeugendes Video zu erstellen, das die Menschen dazu motiviert, mit Ihnen Kontakt aufzunehmen.<\/p>\n\n\n\n<p>Sie haben eine Jahresversammlung oder ein Firmenevent und m\u00f6chten die Highlights in einem professionellen Video festhalten? Ich stehe Ihnen zur Verf\u00fcgung, um diese besonderen Momente einzufangen und in einem Video festzuhalten. Egal ob es darum geht, die Atmosph\u00e4re des Events einzufangen oder die Reden und Pr\u00e4sentationen professionell aufzuzeichnen.<\/p>\n\n\n\n<p>Neben meiner Arbeit als Videofilmerin besch\u00e4ftige ich mich auch mit der Postproduktion, also dem Schnitt des Filmmaterials. Die Bearbeitung des Rohmaterials ist ein wichtiger Schritt. Der Vorteil f\u00fcr meine Kunden ist die Produktion aus einer Hand. Ich produziere Videos zu erschwinglichen Preisen und arbeite eng mit meinen Kunden zusammen, um sicherzustellen, dass sie mit dem Endergebnis zufrieden sind.<\/p>\n\n\n\n<p>Kontaktieren Sie mich gerne telefonisch oder per email, um mehr \u00fcber meine Dienstleistungen zu erfahren. Ich freue mich darauf, von Ihnen zu h\u00f6ren und gemeinsam an Ihrem n\u00e4chsten Videoprojekt zu arbeiten.<\/p>\n","protected":false},"excerpt":{"rendered":"<p>Ich erstelle Videofilme, die Ihre pers\u00f6nlichen Anforderungen erf\u00fcllen. Egal ob Sie ein Unternehmen, ein Verein oder eine Privatperson sind, ich unterst\u00fctze Sie gerne dabei, Ihre Botschaft zu kommunizieren. Lassen Sie mich Ihnen einige Beispiele geben, wie ich Ihnen helfen kann: Sie m\u00f6chten Menschen f\u00fcr ein neues Angebot, einen neuen Workshop oder bereits bestehenden Arbeitskreis gewinnen&hellip; <a class=\"more-link\" href=\"https:\/\/wagner-michels.de\/?page_id=796\"><span class=\"screen-reader-text\">Mein Angebot<\/span> weiterlesen<\/a><\/p>\n","protected":false},"author":1,"featured_media":0,"parent":0,"menu_order":0,"comment_status":"closed","ping_status":"closed","template":"","meta":{"_uag_custom_page_level_css":"","footnotes":""},"class_list":["post-796","page","type-page","status-publish","hentry","entry"],"uagb_featured_image_src":{"full":false,"thumbnail":false,"medium":false,"medium_large":false,"large":false,"1536x1536":false,"2048x2048":false,"post-thumbnail":false},"uagb_author_info":{"display_name":"web28764756","author_link":"https:\/\/wagner-michels.de\/?author=1"},"uagb_comment_info":0,"uagb_excerpt":"Ich erstelle Videofilme, die Ihre pers\u00f6nlichen Anforderungen erf\u00fcllen. Egal ob Sie ein Unternehmen, ein Verein oder eine Privatperson sind, ich unterst\u00fctze Sie gerne dabei, Ihre Botschaft zu kommunizieren. Lassen Sie mich Ihnen einige Beispiele geben, wie ich Ihnen helfen kann: Sie m\u00f6chten Menschen f\u00fcr ein neues Angebot, einen neuen Workshop oder bereits bestehenden Arbeitskreis gewinnen&hellip;&hellip;","_links":{"self":[{"href":"https:\/\/wagner-michels.de\/index.php?rest_route=\/wp\/v2\/pages\/796","targetHints":{"allow":["GET"]}}],"collection":[{"href":"https:\/\/wagner-michels.de\/index.php?rest_route=\/wp\/v2\/pages"}],"about":[{"href":"https:\/\/wagner-michels.de\/index.php?rest_route=\/wp\/v2\/types\/page"}],"author":[{"embeddable":true,"href":"https:\/\/wagner-michels.de\/index.php?rest_route=\/wp\/v2\/users\/1"}],"replies":[{"embeddable":true,"href":"https:\/\/wagner-michels.de\/index.php?rest_route=%2Fwp%2Fv2%2Fcomments&post=796"}],"version-history":[{"count":11,"href":"https:\/\/wagner-michels.de\/index.php?rest_route=\/wp\/v2\/pages\/796\/revisions"}],"predecessor-version":[{"id":926,"href":"https:\/\/wagner-michels.de\/index.php?rest_route=\/wp\/v2\/pages\/796\/revisions\/926"}],"wp:attachment":[{"href":"https:\/\/wagner-michels.de\/index.php?rest_route=%2Fwp%2Fv2%2Fmedia&parent=796"}],"curies":[{"name":"wp","href":"https:\/\/api.w.org\/{rel}","templated":true}]}}