{"id":794,"date":"2023-07-12T15:04:25","date_gmt":"2023-07-12T13:04:25","guid":{"rendered":"https:\/\/wagner-michels.de\/?page_id=794"},"modified":"2024-11-13T12:50:29","modified_gmt":"2024-11-13T11:50:29","slug":"start","status":"publish","type":"page","link":"https:\/\/wagner-michels.de\/","title":{"rendered":"Start"},"content":{"rendered":"\n<p>Herzlich willkommen auf meiner Website. Mein Name ist Ulrike Wagner-Michels und ich produziere Videofilme f\u00fcr das Internet.<\/p>\n\n\n\n<p>Mein Ziel ist es, Videofilme zu erstellen, die Ihre pers\u00f6nlichen Anforderungen erf\u00fcllen. Egal ob Sie ein Unternehmen, ein Verein oder eine Privatperson sind, ich helfe gerne, Ihre Botschaft in bewegten Bildern zu kommunizieren.<\/p>\n\n\n\n<p><\/p>\n","protected":false},"excerpt":{"rendered":"<p>Herzlich willkommen auf meiner Website. Mein Name ist Ulrike Wagner-Michels und ich produziere Videofilme f\u00fcr das Internet. Mein Ziel ist es, Videofilme zu erstellen, die Ihre pers\u00f6nlichen Anforderungen erf\u00fcllen. Egal ob Sie ein Unternehmen, ein Verein oder eine Privatperson sind, ich helfe gerne, Ihre Botschaft in bewegten Bildern zu kommunizieren.<\/p>\n","protected":false},"author":1,"featured_media":0,"parent":0,"menu_order":0,"comment_status":"closed","ping_status":"closed","template":"","meta":{"_uag_custom_page_level_css":"","footnotes":""},"class_list":["post-794","page","type-page","status-publish","hentry","entry"],"uagb_featured_image_src":{"full":false,"thumbnail":false,"medium":false,"medium_large":false,"large":false,"1536x1536":false,"2048x2048":false,"post-thumbnail":false},"uagb_author_info":{"display_name":"web28764756","author_link":"https:\/\/wagner-michels.de\/?author=1"},"uagb_comment_info":0,"uagb_excerpt":"Herzlich willkommen auf meiner Website. Mein Name ist Ulrike Wagner-Michels und ich produziere Videofilme f\u00fcr das Internet. Mein Ziel ist es, Videofilme zu erstellen, die Ihre pers\u00f6nlichen Anforderungen erf\u00fcllen. Egal ob Sie ein Unternehmen, ein Verein oder eine Privatperson sind, ich helfe gerne, Ihre Botschaft in bewegten Bildern zu kommunizieren.","_links":{"self":[{"href":"https:\/\/wagner-michels.de\/index.php?rest_route=\/wp\/v2\/pages\/794","targetHints":{"allow":["GET"]}}],"collection":[{"href":"https:\/\/wagner-michels.de\/index.php?rest_route=\/wp\/v2\/pages"}],"about":[{"href":"https:\/\/wagner-michels.de\/index.php?rest_route=\/wp\/v2\/types\/page"}],"author":[{"embeddable":true,"href":"https:\/\/wagner-michels.de\/index.php?rest_route=\/wp\/v2\/users\/1"}],"replies":[{"embeddable":true,"href":"https:\/\/wagner-michels.de\/index.php?rest_route=%2Fwp%2Fv2%2Fcomments&post=794"}],"version-history":[{"count":4,"href":"https:\/\/wagner-michels.de\/index.php?rest_route=\/wp\/v2\/pages\/794\/revisions"}],"predecessor-version":[{"id":922,"href":"https:\/\/wagner-michels.de\/index.php?rest_route=\/wp\/v2\/pages\/794\/revisions\/922"}],"wp:attachment":[{"href":"https:\/\/wagner-michels.de\/index.php?rest_route=%2Fwp%2Fv2%2Fmedia&parent=794"}],"curies":[{"name":"wp","href":"https:\/\/api.w.org\/{rel}","templated":true}]}}